{"id":677,"date":"2025-03-27T13:38:08","date_gmt":"2025-03-27T11:38:08","guid":{"rendered":"https:\/\/oleng.ee\/tessttt\/?page_id=677"},"modified":"2026-04-06T13:54:17","modified_gmt":"2026-04-06T11:54:17","slug":"kasutustingimused","status":"publish","type":"page","link":"https:\/\/oleng.ee\/tessttt\/kasutustingimused\/","title":{"rendered":"Kasutustingimused"},"content":{"rendered":"\t\t<div data-elementor-type=\"wp-page\" data-elementor-id=\"677\" class=\"elementor elementor-677\">\n\t\t\t\t<div class=\"elementor-element elementor-element-abd6be5 e-flex e-con-boxed e-con e-parent\" data-id=\"abd6be5\" data-element_type=\"container\" data-e-type=\"container\">\n\t\t\t\t\t<div class=\"e-con-inner\">\n\t\t\t\t<div class=\"elementor-element elementor-element-11e010d elementor-widget elementor-widget-heading\" data-id=\"11e010d\" data-element_type=\"widget\" data-e-type=\"widget\" data-widget_type=\"heading.default\">\n\t\t\t\t<div class=\"elementor-widget-container\">\n\t\t\t\t\t<h1 class=\"elementor-heading-title elementor-size-default\">OLENG.EE KASUTUSTINGIMUSED<\/h1>\t\t\t\t<\/div>\n\t\t\t\t<\/div>\n\t\t\t\t\t<\/div>\n\t\t\t\t<\/div>\n\t\t<div class=\"elementor-element elementor-element-75bf961 e-flex e-con-boxed e-con e-parent\" data-id=\"75bf961\" data-element_type=\"container\" data-e-type=\"container\">\n\t\t\t\t\t<div class=\"e-con-inner\">\n\t\t\t\t<div class=\"elementor-element elementor-element-7b70461 elementor-widget elementor-widget-text-editor\" data-id=\"7b70461\" data-element_type=\"widget\" data-e-type=\"widget\" data-widget_type=\"text-editor.default\">\n\t\t\t\t<div class=\"elementor-widget-container\">\n\t\t\t\t\t\t\t\t\t<p><strong>\u00dcLDS\u00c4TTED<\/strong><\/p><p>1.1 Veebikeskkonna www.oleng.ee (edaspidi <strong>veebikeskkond<\/strong>) omanik ja haldaja on AOME O\u00dc (edaspidi <strong>OLENG<\/strong>), \u00e4riregistri kood 14094909, postiaadress: tehase tee 20, Raasiku, e-mail abi@oleng.ee.<\/p><p data-pm-slice=\"1 1 []\">1.2 Veebikeskkonna kasutustingimused on kohustuslikud t\u00e4itmiseks OLENG-le ja k\u00f5igile selle kasutajatele (edaspidi <strong>kasutaja<\/strong>) olenemata sellest, kas kasutaja on loonud veebikeskkonnas kasutajakonto. Veebikeskkonna teenuste t\u00e4ielikuks kasutamiseks (sh kuulutuste avaldamiseks) peab kasutaja omama kasutajakontot. Veebikeskkonnas registreerimata kasutajatele v\u00f5imaldatakse veebikeskkonna teenuste kasutamist piiratud ulatuses.<\/p><p>1.3 Kasutustingimustega n\u00f5ustumisel ja\/v\u00f5i veebikeskkonna kasutamisega kinnitab kasutaja, et on kasutustingimused t\u00e4helepanelikult l\u00e4bi lugenud ning n\u00f5ustub, et kasutustingimused on talle t\u00e4itmiseks kohustuslikud. Kasutustingimustega n\u00f5ustumisel muutuvad tingimused kasutaja ja OLENG vahel s\u00f5lmitud siduvaks raamlepinguks, mis reguleerib veebikeskkonna kasutamise \u00fcldiseid reegleid, OLENG teenuste tellimist, kasutaja ja OLENG \u00f5igusi ning kohustusi, vastutust ning tellimuse eest tasumisele kuuluva tasu maksmise tingimusi. Iga OLENG teenuse tellimisega s\u00f5lmitakse kasutustingimuste kui raamlepingu alusel eraldiseisev \u00fchekordne OLENG teenuse osutamise leping, mille sisu reguleerivad lisaks kasutustingimustele ka konkreetsed teenuse osutamise tingimused (teenuse paketi tingimused).<\/p><p>1.4 Kasutajal on \u00f5igus kasutada OLENG poolt pakutavaid teenuseid juhul, kui kasutaja on loonud veebikeskkonnas kasutajakonto. Tellitud teenuse t\u00e4psemad tingimused, s.o. teenuse sisu, teenuse kasutus\u00f5iguse periood ja teenuse tasu, m\u00e4\u00e4ratakse vastavalt kasutaja poolt valitud teenuse paketile.<\/p><p>1.5 OLENG v\u00f5ib kehtestada teatud veebikeskkonna materjalidele v\u00f5i alajaotustele t\u00e4iendavaid kasutustingimusi. Nendest teavitatakse kasutajaid vastavate materjalide v\u00f5i alajaotuste juures.<\/p><p>1.6 OLENG v\u00f5ib k\u00e4esolevaid kasutustingimusi muuta v\u00f5i t\u00e4iendada, teavitades sellest kasutajat.<\/p><p>1.7 K\u00f5ikide teadete ja informatsiooni vahetamine kasutaja ja OLENG vahel toimub elektroonilises vormis kasutustingimustes v\u00f5i veebikeskkonnas s\u00e4testatud kontaktandmetel.<\/p><p>1.8 Kui m\u00f5ni kasutustingimuste s\u00e4te osutub vastuolus olevaks seaduse s\u00e4tetega, ei muuda see teiste s\u00e4tete kehtivust. Vastuolu t\u00f5ttu kehtetu s\u00e4tte asemel kohaldatakse seaduses s\u00e4testatut.<\/p><ol start=\"2\" data-spread=\"false\" data-pm-slice=\"3 1 []\"><li><p><strong>Veebikeskkonna teenus<\/strong><\/p><\/li><\/ol><p>2.1 OLENG pakub kasutajatele veebikeskkonda, s.o. portaali, kus kasutajad v\u00f5ivad koguda ja vahetada infot s\u00fcndmusekorraldusega seotud teenuste kohta, avaldada s\u00fcndmusekorraldust toetavate teenuste kuulutusi ning kasutada muid OLENG poolt pakutavaid teenuseid.<\/p><p>2.2 Kuulutuse avaldamisel v\u00f5ib kasutaja teenuse kirjeldusse sisestada \u00fcksnes vastavat teenust kirjeldavat informatsiooni. Muu hulgas on keelatud teenuse kirjeldusse sisestada reklaami, pildina logo vms. Kuulutuse juurde on keelatud sisestada kontaktandmeid. Nimetatud kohustuse rikkumisel on OLENG-l \u00f5igus n\u00f5uda sellise informatsiooni kui reklaami eest eraldi tasu vastavalt veebikeskkonnas esitatud hinnakirjale. Lisaks on OLENG-l \u00f5igus n\u00f5uetele mittevastav kuulutus veebikeskkonnast kustutada v\u00f5i vastavalt omal \u00e4ran\u00e4gemisele muuta.<\/p><p>2.3 Teenuste pakkumise ja tellimise lepingud s\u00f5lmivad kasutajad omavahel ilma OLENG sekkumiseta ning kasutajad vastutavad nende vahel s\u00f5lmitud lepingute n\u00f5uetekohase t\u00e4itmise eest. OLENG ei ole kasutajate vahel s\u00f5lmitava lepingu pooleks ega v\u00f5ta sellega seoses kasutajate ees kohustusi. Muuhulgas ei ole OLENG veebikeskkonnas kuulutuse avaldanud kasutaja agent, maakler, esindaja ega komisjon\u00e4r.<\/p><ol start=\"3\" data-spread=\"false\" data-pm-slice=\"3 1 []\"><li><p><strong>Kasutaja kohustused<\/strong><\/p><\/li><\/ol><p>3.1 Kasutaja on kohustatud:<\/p><p>3.1.1 Esitama veebikeskkonnas registreerimisel t\u00e4ielikke ja t\u00f5eseid andmeid;<\/p><p>3.1.2 J\u00e4rgima veebikeskkonna kasutamisel k\u00e4esolevaid kasutustingimusi. Muuhulgas saab kasutaja aru, et OLENG-l on \u00f5igus igal ajal j\u00e4lgida veebikeskkonnas toimuvaid tegevusi, sh j\u00e4lgida kasutaja toiminguid ning kasutada k\u00f5iki seaduslikke vahendeid kasutustingimuste rikkumise tuvastamiseks;<\/p><p>3.1.3 Tagama, et veebikeskkonna kasutamisel esitatud andmed (s.o. fotod) ei oleks v\u00e4\u00e4rad, eksitavad v\u00f5i ebat\u00e4psed, ei rikuks kolmandate isikute \u00f5igusi (sh intellektuaalseid \u00f5igusi) ning ei oleks vastuolus kehtiva \u00f5igusega ja heade kommetega;<\/p><p>3.1.4 Maksma kuulutuse avaldamise eest OLENG-le tasu vastavalt kasutustingimuste punktile 6;<\/p><p>3.1.5 Hoidma konfidentsiaalsena veebilehe kasutajakontole ligip\u00e4\u00e4semiseks vajalikku parooli ja kasutajanime;<\/p><p>3.1.6 Tagama, et tema poolt veebikeskkonda \u00fcles laetud fotod v\u00f5i mis tahes muud failid ei sisalda viirusi ja muid arvutiprogramme, mis segavad, kahjustavad v\u00f5i muul viisil h\u00e4irivad veebikeskkonna normaalset kasutamist ja\/v\u00f5i mis v\u00f5ivad veebikeskkonna kasutamise tulemusena salvestuda kasutaja arvutisse, segada, kahjustada v\u00f5i muul viisil h\u00e4irida selle normaalset funktsioneerimist.<\/p><p>3.2 Kasutajal on keelatud:<\/p><p>3.2.1 Kasutada veebikeskkonda pettuseks v\u00f5i mis tahes muul ebaseaduslikul eesm\u00e4rgil;<\/p><p>3.2.2 Keelitada teisi tegema mis tahes ebaseaduslikke tegusid v\u00f5i neis osalema;<\/p><p>3.2.3 Ahistada, kuritarvitada, solvata, kahjustada laimata, teotada, halvustada, \u00e4hvardada v\u00f5i diskrimineerida soo, seksuaalse s\u00e4ttumuse, religiooni, etnilise kuuluvuse, rassi, vanuse, rahvusliku p\u00e4ritolu v\u00f5i puude alusel;<\/p><p>3.2.4 Saata r\u00e4mpsposti;<\/p><p>3.2.5 Kasutada veebikeskkonda ebas\u00fcndsal v\u00f5i ebamoraalsel eesm\u00e4rgil;<\/p><p>3.2.6 \u00dcles laadida v\u00f5i edastada viiruseid v\u00f5i mis tahes muud t\u00fc\u00fcpi pahavara, mida kasutatakse v\u00f5i v\u00f5idakse kasutada viisil, mis m\u00f5jutab veebikeskkonna funktsionaalsust v\u00f5i toimimist;<\/p><p>3.2.7 Edastada veebikeskkonna kaudu andmeid, fotosid, kuulutusi, kommentaare ega mis tahes muud sisu, mille edastamiseks ja avaldamiseks puudub kasutajal \u00f5igus;<\/p><p>3.2.8 Moodustada andmebaase v\u00f5i nimekirju veebikeskkonna kasutajatest \u00fcksk\u00f5ik millisel eesm\u00e4rgil.<\/p><p>3.3 Kasutaja m\u00f5istab, et OLENG&#8217;l on \u00f5igus eemaldada veebikeskkonnast kasutaja poolt avaldatud sisu, kui kasutaja ei ole sisu avaldamisel j\u00e4rginud k\u00e4esolevas punktis s\u00e4testatud kohustusi v\u00f5i piiranguid, sisu on vastuolus heade kommetega v\u00f5i kehtivate \u00f5igusaktidega.\u00a0<\/p><ol start=\"4\" data-spread=\"false\" data-pm-slice=\"3 1 []\"><li><p><strong>Autori\u00f5igused<\/strong><\/p><\/li><\/ol><p>4.1 K\u00f5ik autori\u00f5igused veebikeskkonnas esitatud materjalidele kuuluvad OLENG-le v\u00f5i on OLENG-le antud ulatuses, mis lubab nende kasutamist veebikeskkonnas.<\/p><p>4.2 Veebikeskkonda autori\u00f5igusega kaitstud teoseid (sh pilte) edastades annab kasutaja OLENG-le tasuta lihtlitsentsi nende teoste kasutamiseks ja teoste osas kehtivate autori varaliste \u00f5iguste teostamiseks kogu autori\u00f5iguse kehtivuse aja jooksul. OLENG-l on \u00f5igus kasutaja poolt edastatud teoseid igal viisil kasutada, lubada ja keelata nende kasutamist, sh neid reprodutseerida, levitada, t\u00f5lkida, toimetada, kohandada, parandada, modifitseerida, lisada neid teistele teostele, kogumikesse v\u00f5i andmebaasidesse ja edastada avalikkusele. OLENG-l on \u00f5igus esitatud informatsiooni, struktuuri v\u00f5i sisu igal ajal asendada, t\u00e4iustada, kustutada v\u00f5i muul viisil muuta vastavalt oma \u00e4ran\u00e4gemisele. Informatsiooni v\u00f5i materjalide \u00fcles laadimisega veebikeskkonda kinnitab kasutaja, et k\u00f5ik vastava sisuga seotud \u00f5igused kuuluvad talle v\u00f5i ta on saanud vastavate \u00f5iguste omajalt k\u00f5ik vajalikud \u00f5igused materjalide avaldamiseks veebikeskkonnas.<\/p><p>4.3 Kasutustingimustega n\u00f5ustumisel annab kasutaja OLENG-le mh \u00f5iguse avaldada kasutaja teenuse kuulutusi ka teistes portaalides, mis kuuluvad veebikeskkonna omanikule, eesm\u00e4rgiga edendada kuulutuses esitatud teenuse n\u00e4htavust ja soodustada t\u00e4iendavate p\u00e4ringute saamist.<\/p><ol start=\"5\" data-spread=\"false\" data-pm-slice=\"3 1 []\"><li><p><strong>Reklaam<\/strong><\/p><\/li><\/ol><p>5.1 Veebikeskkonnas on v\u00f5imalik tasu eest esitada reklaamb\u00e4nnereid. Reklaami tellimiseks tuleb OLENG-le esitada avaldus emaili aadressil reklaam@oleng.ee. OLENG-l on \u00f5igus esitatud materjali muuta, koosk\u00f5lastades muudatused enne reklaami avaldamist kasutajaga. OLENG-l on \u00f5igus reklaami avaldamisest keelduda, kui selle sisu v\u00f5i vorm rikub seadusest, heast tavast v\u00f5i kasutustingimustest tulenevaid n\u00f5udeid.<\/p><p>5.2 Enne reklaami avaldamist tasub Tellija arve reklaami perioodi v\u00f5i selle etapi eest ettemaksuna. Arve t\u00e4htajaks tasumata j\u00e4tmise korral on OLENG-l \u00f5igus reklaami esitamine l\u00f5petada ja\/v\u00f5i kasutada teisi seadusest tulenevaid \u00f5iguskaitsevahendeid.<\/p><ol start=\"6\" data-spread=\"false\"><li><p><strong>Tasumine<\/strong><\/p><\/li><\/ol><p class=\"\" data-start=\"100\" data-end=\"361\">6.1 K\u00f5ikide OLENG poolt pakutavate tasuliste teenuste kasutamine toimub tellimusplaani alusel. Kasutaja tasub teenuse eest enne tellimusperioodi algust vastavalt veebikeskkonnas esitatud hinnakirjale ning OLENG esitab kasutajale sellekohase elektroonilise arve.<\/p><p class=\"\" data-start=\"363\" data-end=\"454\">6.2 Tasumata j\u00e4\u00e4va arve korral v\u00f5ib OLENG teenuse osutamise l\u00f5petada kuni tasu laekumiseni.<\/p><p class=\"\" data-start=\"456\" data-end=\"693\">6.3 OLENG j\u00e4tab endale \u00f5iguse muuta teenuse eest tasumisele kuuluvat tasu suurust objektiivsetel p\u00f5hjustel, nt kui muutuvad maksum\u00e4\u00e4rad, teenustasud, hooldustasud jne. Tasu tingimuste uuendamisest teavitatakse kasutajaid veebikeskkonnas.<\/p><p class=\"\" data-start=\"68\" data-end=\"103\"><strong data-start=\"68\" data-end=\"103\">7. Vastutus ja kahju h\u00fcvitamine<\/strong><\/p><p class=\"\" data-start=\"105\" data-end=\"375\">7.1 Veebikeskkonnaga seoses v\u00f5i selle kaudu k\u00e4ttesaadavaks tehtud sisu, teenus, funktsioonid pakutakse p\u00f5him\u00f5ttel \u201enagu on\u201c ja \u201enagu saadaval\u201c, ilma mis tahes tagatisteta. OLENG \u00fctleb lahti k\u00f5igist garantiidest niiv\u00f5rd, kuiv\u00f5rd see on kohaldatava \u00f5iguse alusel v\u00f5imalik.<\/p><p class=\"\" data-start=\"377\" data-end=\"623\">7.2 OLENG ei taga ega garanteeri, et veebikeskkond \u00fchildub mis tahes kasutaja poolt kasutatava riist- ja tarkvaraga, on alati k\u00e4ttesaadav v\u00f5i m\u00f5nel konkreetsel ajahetkel k\u00e4ttesaadav, toimib igal ajal katkestusteta, on turvaline v\u00f5i vaba vigadest.<\/p><p class=\"\" data-start=\"625\" data-end=\"701\">7.3 OLENG ei vastuta muu hulgas, ent mitte \u00fcksnes, j\u00e4rgmiste asjaolude eest:<\/p><p class=\"\" data-start=\"703\" data-end=\"963\">7.3.1 Veebikeskkonnas avaldatud mistahes informatsiooni \u00f5igsuse, t\u00e4psuse, t\u00e4ielikkuse, aktuaalsuse, kehtivuse ja seaduslikkuse eest. Seejuures ei vastuta OLENG veebikeskkonna kaudu ostetavate, m\u00fc\u00fcdavate v\u00f5i \u00fc\u00fcritavate objektide kvaliteedi ega kvantiteedi eest.<\/p><p class=\"\" data-start=\"965\" data-end=\"1077\">7.3.2 Veebikeskkonna v\u00f5i seal pakutava teenuse mis tahes katkestus, seiskumine, peatumine v\u00f5i muu k\u00e4ttesaamatus;<\/p><p class=\"\" data-start=\"1079\" data-end=\"1206\">7.3.3 Kasutaja poolt veebikeskkonnas avaldatud kuulutuse sisu v\u00f5i selle kaudu k\u00e4ttesaadavaks tehtud veebilehek\u00fclgede sisu eest;<\/p><p class=\"\" data-start=\"1208\" data-end=\"1356\">7.3.4 Mis tahes programmivead, viirused, Trooja hobused jms, mida keegi v\u00f5ib veebikeskkonda v\u00f5i seal pakutavale teenusele v\u00f5i nende kaudu edastada;<\/p><p class=\"\" data-start=\"1358\" data-end=\"1444\">7.3.5 Mis tahes sisu v\u00f5i andmete kustutamine v\u00f5i v\u00f5imatus sisu v\u00f5i andmeid salvestada;<\/p><p class=\"\" data-start=\"1446\" data-end=\"1492\">7.3.6 Kasutaja k\u00e4itumise eest veebikeskkonnas;<\/p><p class=\"\" data-start=\"1494\" data-end=\"1580\">7.3.7 Veebikeskkonna poole p\u00f6\u00f6rdumiseks kasutatavate tehniliste vahendite \u00fchildamatus.<\/p><p class=\"\" data-start=\"1582\" data-end=\"1725\">7.4 OLENG ei vastuta \u00fchegi rikkumise eest, mille te olete kolmandate isikute suhtes toime pannud, sh intellektuaalomandi\u00f5iguste rikkumise eest.<\/p><p class=\"\" data-start=\"1727\" data-end=\"1974\">7.5 Kasutaja n\u00f5ustub h\u00fcvitama OLENG-le k\u00f5ik kulud, kahju, n\u00f5uded ja kulutused (sh \u00f5igusabikulud), mis tulenevad otseselt v\u00f5i kaudselt kasutaja poolt toime pandud k\u00e4esolevate kasutustingimuste v\u00f5i mis tahes kohaldatava \u00f5igusakti s\u00e4tete rikkumisest.<\/p><p class=\"\" data-start=\"68\" data-end=\"139\"><strong data-start=\"68\" data-end=\"139\">8. Kaebuste lahendamine veebip\u00f5histe vahendusteenuse m\u00e4\u00e4ruse alusel<\/strong><\/p><p class=\"\" data-start=\"141\" data-end=\"299\">8.1 Kasutajal on \u00f5igus esitada OLENG-le tasuta menetlemiseks kaebusi OLENG ettev\u00f5ttesisesele kaebuste menetlemise s\u00fcsteemi lahendamiseks (edaspidi \u201eS\u00fcsteem\u201c).<\/p><p class=\"\" data-start=\"301\" data-end=\"370\">8.2 S\u00fcsteem v\u00f5imaldab Kliendil esitada kaebusi j\u00e4rgmistes k\u00fcsimustes:<\/p><p class=\"\" data-start=\"372\" data-end=\"490\">8.2.1 OLENG on v\u00e4idetavalt j\u00e4tnud t\u00e4itmata m\u00f5ne seaduses s\u00e4testatud kohustuse, mis m\u00f5jutab kaebust esitavat Kasutajat;<\/p><p class=\"\" data-start=\"492\" data-end=\"649\">8.2.2 OLENG teenuses esinevad tehnoloogilised probleemid, mis on otseselt seotud veebip\u00f5histe vahendusteenuste pakkumisega ja mis m\u00f5jutavad kaebuse esitajat;<\/p><p class=\"\" data-start=\"651\" data-end=\"784\">8.2.3 OLENG v\u00f5etud meetmed v\u00f5i k\u00e4itumine, mis on seotud otseselt veebip\u00f5histe vahendusteenuste pakkumisega, m\u00f5jutab kaebuse esitajat.<\/p><p class=\"\" data-start=\"786\" data-end=\"894\">8.3 K\u00e4esoleva peat\u00fcki alusel esitatud kaebused tuleb OLENG-le edastada e-posti teel aadressil abi@oleng.ee<\/p><p class=\"\" data-start=\"901\" data-end=\"923\"><strong data-start=\"901\" data-end=\"923\">9. Muud tingimused<\/strong><\/p><p class=\"\" data-start=\"925\" data-end=\"1287\">9.1 Kasutustingimustega n\u00f5ustumisel tekkinud raamleping kehtib OLENG ja kasutaja vahel t\u00e4htajatult. Iga kasutaja esitatud tellimuse ja selle aktsepteerimisega OLENG poolt tekib OLENG ja kasutaja vahel eraldi \u00fchekordne teenuse osutamise leping, mille tingimused (sh t\u00e4htaeg) m\u00e4\u00e4ratakse lisaks kasutustingimustele vastavalt kasutaja poolt valitud teenuse paketile.<\/p><p class=\"\" data-start=\"1289\" data-end=\"1624\">9.2 OLENG-l ja kasutajal on \u00f5igus kasutustingimuste alusel tekkinud raamleping igal ajal korraliselt \u00fcles \u00f6elda tingimusel, et kasutajal ei ole \u00fchtegi kehtivat tellimust. Raamlepingu korraliseks \u00fcles\u00fctlemiseks tuleb edastada teisele poolele sellekohane teade. Raamlepingu korralisel \u00fcles\u00fctlemisel kustutab OLENG kasutaja kasutajakonto.<\/p><p class=\"\" data-start=\"1626\" data-end=\"1907\">9.3 Kui kasutajal on raamlepingu korralise \u00fcles\u00fctlemise teate esitamise ajal kehtivaid tellimusi, siis kehtib raamleping kuni tellimuse t\u00e4itmise l\u00f5ppemiseni. Raamleping loetakse l\u00f5ppenuks seoses kasutaja viimase tellimuse t\u00e4itmisega, misj\u00e4rel OLENG kustutab kasutaja kasutajakonto.<\/p><p class=\"\" data-start=\"1909\" data-end=\"2129\">9.4 Kui kasutaja ei ole oma kasutajakontot 3 aastat kasutanud, teeb OLENG kasutajale kasutajakonto kustutamise hoiatuse. Kui kasutaja sellele ei reageeri, loetakse kliendisuhe l\u00f5ppenuks ning OLENG kustutab kasutajakonto.<\/p><p class=\"\" data-start=\"2131\" data-end=\"2516\">9.5 Kasutajal on \u00f5igus kasutada tellitud teenust, sh nt avaldada oma kuulutus veebikeskkonnas, kuni tema poolt valitud tellimuse t\u00e4itmise l\u00f5ppemiseni, sh kuulutamise t\u00e4htaja l\u00f5ppemiseni. Kasutaja saab aru ning n\u00f5ustub, et OLENG ei tagasta kasutajale mistahes teenuse paketi eest tasutud tasu, kui kasutaja otsustab loobuda kuulutuse veebikeskkonnas avaldamisest enne t\u00e4htaja l\u00f5ppemist.<\/p><p class=\"\" data-start=\"2518\" data-end=\"3222\">9.6 OLENG-l on \u00f5igus kasutustingimuste n\u00f5ustumisel tekkinud raamleping v\u00f5i kasutaja tellimuse t\u00e4itmine erakorraliselt \u00fcles \u00f6elda v\u00f5i veebikeskkonna kasutamis\u00f5igust piirata, kui kasutaja on oluliselt rikkunud kasutustingimusi v\u00f5i pole k\u00f5rvaldanud mis tahes kasutustingimuste rikkumist 10 p\u00e4eva jooksul p\u00e4rast seda, kui kasutaja on saanud OLENG-lt vastava teate. \u00d5igussuhte l\u00f5ppemisel kustutab OLENG kasutaja kasutajakonto ning kasutaja poolt veebikeskkonnas avaldatud aktiivsed kuulutused. Seejuures ei tagasta OLENG kasutajale tasutud tasu. OLENG-l on \u00f5igus kasutustingimuste rikkumise t\u00f5ttu suletud konto taasavamise eest k\u00fcsida ja saada kasutajalt tasu, mille suurus on s\u00e4testatud kehtivas hinnakirjas.<\/p><p class=\"\" data-start=\"3224\" data-end=\"3649\">9.7 Kasutaja saab aru, et veebikeskkonna kasutamisega, kasutustingimustega n\u00f5ustumisel ja\/v\u00f5i veebikeskkonna teenuse tellimisega, osutab OLENG kasutajale teenust kasutaja n\u00f5usolekul ning seet\u00f5ttu puudub kasutajal \u00f5igus tellitud teenusest taganeda vastavalt tarbija taganemis\u00f5iguse eriregulatsioonile. Tarbija taganemis\u00f5iguse puudumine ei v\u00e4lista Kasutaja \u00fcles\u00fctlemise \u00f5igust vastavalt kasutustingimustega punktile 9.2 ja 9.3.<\/p><p class=\"\" data-start=\"3651\" data-end=\"3773\">9.8 Veebikeskkonna kasutamisest tulenevatele \u00f5igussuhetele kasutaja ja OLENG vahel kohaldatakse Eesti Vabariigi \u00f5igusakte.<\/p><p class=\"\" data-start=\"3775\" data-end=\"4224\">9.9 Veebikeskkonna kasutamisest tekkinud vaidlusi p\u00fc\u00fcavad kasutaja ja OLENG lahendada l\u00e4bir\u00e4\u00e4kimiste teel. Kokkuleppe mittesaavutamisel lahendab vaidluse Harju Maakohus, v\u00e4lja arvatud juhul, kui seadusest tulenevalt on vaidluse lahendamiseks eksklusiivselt p\u00e4dev muu asutus v\u00f5i organ. Tarbijal on \u00f5igus p\u00f6\u00f6rduda oma elukohaj\u00e4rgse kohtu poole, tarbijavaidluste komisjoni v\u00f5i esitada kaebus veebis ODR keskkonna kaudu aadressil <a class=\"\" href=\"http:\/\/ec.europa.eu\/odr\" target=\"_new\" rel=\"noopener\" data-start=\"4201\" data-end=\"4224\">http:\/\/ec.europa.eu\/odr<\/a><\/p><p class=\"\" data-start=\"786\" data-end=\"894\">.<\/p>\t\t\t\t\t\t\t\t<\/div>\n\t\t\t\t<\/div>\n\t\t\t\t\t<\/div>\n\t\t\t\t<\/div>\n\t\t\t\t<\/div>\n\t\t","protected":false},"excerpt":{"rendered":"<p>OLENG.EE KASUTUSTINGIMUSED \u00dcLDS\u00c4TTED 1.1 Veebikeskkonna www.oleng.ee (edaspidi veebikeskkond) omanik ja haldaja on AOME O\u00dc (edaspidi OLENG), \u00e4riregistri kood 14094909, postiaadress: tehase tee 20, Raasiku, e-mail abi@oleng.ee. 1.2 Veebikeskkonna kasutustingimused on kohustuslikud t\u00e4itmiseks OLENG-le ja k\u00f5igile selle kasutajatele (edaspidi kasutaja) olenemata sellest, kas kasutaja on loonud veebikeskkonnas kasutajakonto. Veebikeskkonna teenuste t\u00e4ielikuks kasutamiseks (sh kuulutuste avaldamiseks) peab [&hellip;]<\/p>\n","protected":false},"author":1,"featured_media":0,"parent":0,"menu_order":0,"comment_status":"closed","ping_status":"closed","template":"","meta":{"footnotes":""},"class_list":["post-677","page","type-page","status-publish","hentry"],"_links":{"self":[{"href":"https:\/\/oleng.ee\/tessttt\/wp-json\/wp\/v2\/pages\/677","targetHints":{"allow":["GET"]}}],"collection":[{"href":"https:\/\/oleng.ee\/tessttt\/wp-json\/wp\/v2\/pages"}],"about":[{"href":"https:\/\/oleng.ee\/tessttt\/wp-json\/wp\/v2\/types\/page"}],"author":[{"embeddable":true,"href":"https:\/\/oleng.ee\/tessttt\/wp-json\/wp\/v2\/users\/1"}],"replies":[{"embeddable":true,"href":"https:\/\/oleng.ee\/tessttt\/wp-json\/wp\/v2\/comments?post=677"}],"version-history":[{"count":5,"href":"https:\/\/oleng.ee\/tessttt\/wp-json\/wp\/v2\/pages\/677\/revisions"}],"predecessor-version":[{"id":1967,"href":"https:\/\/oleng.ee\/tessttt\/wp-json\/wp\/v2\/pages\/677\/revisions\/1967"}],"wp:attachment":[{"href":"https:\/\/oleng.ee\/tessttt\/wp-json\/wp\/v2\/media?parent=677"}],"curies":[{"name":"wp","href":"https:\/\/api.w.org\/{rel}","templated":true}]}}